{"id":196,"date":"2026-04-07T19:21:33","date_gmt":"2026-04-07T19:21:33","guid":{"rendered":"https:\/\/vitaminise.com.br\/?page_id=196"},"modified":"2026-04-07T19:26:38","modified_gmt":"2026-04-07T19:26:38","slug":"vitaminise-marketing-digital-2","status":"publish","type":"page","link":"https:\/\/vitaminise.com.br\/","title":{"rendered":"Vitaminise Marketing Digital"},"content":{"rendered":"\t\t<div data-elementor-type=\"wp-page\" data-elementor-id=\"196\" class=\"elementor elementor-196\" data-elementor-post-type=\"page\">\n\t\t\t\t<div class=\"elementor-element elementor-element-1b86f5a e-flex e-con-boxed e-con e-parent\" data-id=\"1b86f5a\" data-element_type=\"container\" data-e-type=\"container\">\n\t\t\t\t\t<div class=\"e-con-inner\">\n\t\t\t\t<div class=\"elementor-element elementor-element-0404c5b elementor-widget elementor-widget-spacer\" data-id=\"0404c5b\" data-element_type=\"widget\" data-e-type=\"widget\" data-widget_type=\"spacer.default\">\n\t\t\t\t\t\t\t<div class=\"elementor-spacer\">\n\t\t\t<div class=\"elementor-spacer-inner\"><\/div>\n\t\t<\/div>\n\t\t\t\t\t\t<\/div>\n\t\t\t\t<div class=\"elementor-element elementor-element-e7ef11a elementor-widget elementor-widget-image\" data-id=\"e7ef11a\" data-element_type=\"widget\" data-e-type=\"widget\" data-widget_type=\"image.default\">\n\t\t\t\t\t\t\t\t\t\t\t\t\t\t\t<img fetchpriority=\"high\" decoding=\"async\" width=\"800\" height=\"225\" src=\"https:\/\/vitaminise.com.br\/wp-content\/uploads\/2026\/02\/LOGO_VITAMINISE-1024x288.png\" class=\"attachment-large size-large wp-image-67\" alt=\"\" srcset=\"https:\/\/vitaminise.com.br\/wp-content\/uploads\/2026\/02\/LOGO_VITAMINISE-1024x288.png 1024w, https:\/\/vitaminise.com.br\/wp-content\/uploads\/2026\/02\/LOGO_VITAMINISE-300x84.png 300w, https:\/\/vitaminise.com.br\/wp-content\/uploads\/2026\/02\/LOGO_VITAMINISE-768x216.png 768w, https:\/\/vitaminise.com.br\/wp-content\/uploads\/2026\/02\/LOGO_VITAMINISE-1536x432.png 1536w, https:\/\/vitaminise.com.br\/wp-content\/uploads\/2026\/02\/LOGO_VITAMINISE-2048x576.png 2048w\" sizes=\"(max-width: 800px) 100vw, 800px\" \/>\t\t\t\t\t\t\t\t\t\t\t\t\t\t\t<\/div>\n\t\t\t\t<div class=\"elementor-element elementor-element-2fdc8be elementor-widget elementor-widget-image\" data-id=\"2fdc8be\" data-element_type=\"widget\" data-e-type=\"widget\" data-widget_type=\"image.default\">\n\t\t\t\t\t\t\t\t\t\t\t\t\t\t\t<img decoding=\"async\" width=\"800\" height=\"602\" src=\"https:\/\/vitaminise.com.br\/wp-content\/uploads\/2026\/04\/LARANJA-Oculos-2-Vitaminise-1024x771.png\" class=\"attachment-large size-large wp-image-205\" alt=\"\" srcset=\"https:\/\/vitaminise.com.br\/wp-content\/uploads\/2026\/04\/LARANJA-Oculos-2-Vitaminise-1024x771.png 1024w, https:\/\/vitaminise.com.br\/wp-content\/uploads\/2026\/04\/LARANJA-Oculos-2-Vitaminise-300x226.png 300w, https:\/\/vitaminise.com.br\/wp-content\/uploads\/2026\/04\/LARANJA-Oculos-2-Vitaminise-768x578.png 768w, https:\/\/vitaminise.com.br\/wp-content\/uploads\/2026\/04\/LARANJA-Oculos-2-Vitaminise.png 1232w\" sizes=\"(max-width: 800px) 100vw, 800px\" \/>\t\t\t\t\t\t\t\t\t\t\t\t\t\t\t<\/div>\n\t\t\t\t<div class=\"elementor-element elementor-element-3e9cfd8 elementor-widget elementor-widget-heading\" data-id=\"3e9cfd8\" data-element_type=\"widget\" data-e-type=\"widget\" data-widget_type=\"heading.default\">\n\t\t\t\t\t<h2 class=\"elementor-heading-title elementor-size-default\">Um novo website est\u00e1 em desenvolvimento.<\/h2>\t\t\t\t<\/div>\n\t\t\t\t<div class=\"elementor-element elementor-element-fce7103 elementor-widget elementor-widget-text-editor\" data-id=\"fce7103\" data-element_type=\"widget\" data-e-type=\"widget\" data-widget_type=\"text-editor.default\">\n\t\t\t\t\t\t\t\t\t<p>Somos especialistas em <strong>Marketing Digital de performance.<br \/><\/strong>Se seu neg\u00f3cio est\u00e1 buscando um parceiro para desenvolver solu\u00e7\u00f5es, fale conosco atrav\u00e9s do bot\u00e3o abaixo.<\/p>\t\t\t\t\t\t\t\t<\/div>\n\t\t\t\t<div class=\"elementor-element elementor-element-e650833 elementor-align-center elementor-widget elementor-widget-button\" data-id=\"e650833\" data-element_type=\"widget\" data-e-type=\"widget\" data-widget_type=\"button.default\">\n\t\t\t\t\t\t\t\t\t\t<a class=\"elementor-button elementor-button-link elementor-size-sm\" href=\"https:\/\/wa.me\/5511991647713?text=Ol%C3%A1!%20Vim%20do%20site%20da%20Vitaminise%20e%20gostaria%20de%20mais%20informa%C3%A7%C3%B5es.\">\n\t\t\t\t\t\t<span class=\"elementor-button-content-wrapper\">\n\t\t\t\t\t\t<span class=\"elementor-button-icon\">\n\t\t\t\t<svg aria-hidden=\"true\" class=\"e-font-icon-svg e-fab-whatsapp\" viewBox=\"0 0 448 512\" xmlns=\"http:\/\/www.w3.org\/2000\/svg\"><path d=\"M380.9 97.1C339 55.1 283.2 32 223.9 32c-122.4 0-222 99.6-222 222 0 39.1 10.2 77.3 29.6 111L0 480l117.7-30.9c32.4 17.7 68.9 27 106.1 27h.1c122.3 0 224.1-99.6 224.1-222 0-59.3-25.2-115-67.1-157zm-157 341.6c-33.2 0-65.7-8.9-94-25.7l-6.7-4-69.8 18.3L72 359.2l-4.4-7c-18.5-29.4-28.2-63.3-28.2-98.2 0-101.7 82.8-184.5 184.6-184.5 49.3 0 95.6 19.2 130.4 54.1 34.8 34.9 56.2 81.2 56.1 130.5 0 101.8-84.9 184.6-186.6 184.6zm101.2-138.2c-5.5-2.8-32.8-16.2-37.9-18-5.1-1.9-8.8-2.8-12.5 2.8-3.7 5.6-14.3 18-17.6 21.8-3.2 3.7-6.5 4.2-12 1.4-32.6-16.3-54-29.1-75.5-66-5.7-9.8 5.7-9.1 16.3-30.3 1.8-3.7.9-6.9-.5-9.7-1.4-2.8-12.5-30.1-17.1-41.2-4.5-10.8-9.1-9.3-12.5-9.5-3.2-.2-6.9-.2-10.6-.2-3.7 0-9.7 1.4-14.8 6.9-5.1 5.6-19.4 19-19.4 46.3 0 27.3 19.9 53.7 22.6 57.4 2.8 3.7 39.1 59.7 94.8 83.8 35.2 15.2 49 16.5 66.6 13.9 10.7-1.6 32.8-13.4 37.4-26.4 4.6-13 4.6-24.1 3.2-26.4-1.3-2.5-5-3.9-10.5-6.6z\"><\/path><\/svg>\t\t\t<\/span>\n\t\t\t\t\t\t\t\t\t<span class=\"elementor-button-text\">Fale com a Vitaminise<\/span>\n\t\t\t\t\t<\/span>\n\t\t\t\t\t<\/a>\n\t\t\t\t\t\t\t\t<\/div>\n\t\t\t\t\t<\/div>\n\t\t\t\t<\/div>\n\t\t\t\t<\/div>\n\t\t","protected":false},"excerpt":{"rendered":"<p>Um novo website est\u00e1 em desenvolvimento. Somos especialistas em Marketing Digital de performance.Se seu neg\u00f3cio est\u00e1 buscando um parceiro para desenvolver solu\u00e7\u00f5es, fale conosco atrav\u00e9s do bot\u00e3o abaixo. Fale com a Vitaminise<\/p>\n","protected":false},"author":1,"featured_media":0,"parent":0,"menu_order":0,"comment_status":"closed","ping_status":"closed","template":"elementor_canvas","meta":{"footnotes":""},"class_list":["post-196","page","type-page","status-publish","hentry"],"_links":{"self":[{"href":"https:\/\/vitaminise.com.br\/index.php\/wp-json\/wp\/v2\/pages\/196","targetHints":{"allow":["GET"]}}],"collection":[{"href":"https:\/\/vitaminise.com.br\/index.php\/wp-json\/wp\/v2\/pages"}],"about":[{"href":"https:\/\/vitaminise.com.br\/index.php\/wp-json\/wp\/v2\/types\/page"}],"author":[{"embeddable":true,"href":"https:\/\/vitaminise.com.br\/index.php\/wp-json\/wp\/v2\/users\/1"}],"replies":[{"embeddable":true,"href":"https:\/\/vitaminise.com.br\/index.php\/wp-json\/wp\/v2\/comments?post=196"}],"version-history":[{"count":10,"href":"https:\/\/vitaminise.com.br\/index.php\/wp-json\/wp\/v2\/pages\/196\/revisions"}],"predecessor-version":[{"id":208,"href":"https:\/\/vitaminise.com.br\/index.php\/wp-json\/wp\/v2\/pages\/196\/revisions\/208"}],"wp:attachment":[{"href":"https:\/\/vitaminise.com.br\/index.php\/wp-json\/wp\/v2\/media?parent=196"}],"curies":[{"name":"wp","href":"https:\/\/api.w.org\/{rel}","templated":true}]}}